{"id":2133,"date":"2023-09-11T13:28:22","date_gmt":"2023-09-11T17:28:22","guid":{"rendered":"https:\/\/sequoiasalix.com\/produit\/tisane-vitalite-citron-agrumes\/"},"modified":"2023-09-11T13:30:57","modified_gmt":"2023-09-11T17:30:57","slug":"tisane-vitalite-citron-agrumes","status":"publish","type":"product","link":"https:\/\/sequoiasalix.com\/en\/product\/tisane-vitalite-citron-agrumes\/","title":{"rendered":"CITRUS LEMON VITALITY HERBAL TEA"},"content":{"rendered":"<p><strong>Description<\/strong><\/p>\n<p>Tisane vivifiante et r\u00e9confortante. Antiseptique, anti-inflamatoire et antibact\u00e9rienne. D\u00e9congestionnant pour le rhume et pour infections des voies respiratoires. \u00a050g.<\/p>\n<p><strong>Ingr\u00e9dients<\/strong><\/p>\n<p>Zeste de citron bio, myrte citronn\u00e9e bio, eucaluptus, bio, poivre noir bio, aub\u00e9pine bio, fleurs de pois bleu bio, morceaux de p\u00eaches bio, ar\u00f4me de Yuzu<\/p>\n<p><strong>Pr\u00e9paration<\/strong><\/p>\n<p>1 c. \u00e0 th\u00e9 pour 250 ml 90\u00b0C Temps d\u2019infusion 4-5 min.<\/p>\n","protected":false},"excerpt":{"rendered":"<p>Description Tisane vivifiante et r\u00e9confortante. Antiseptique, anti-inflamatoire et antibact\u00e9rienne. D\u00e9congestionnant pour le rhume et pour infections des voies respiratoires. \u00a050g. Ingr\u00e9dients Zeste de citron bio, myrte citronn\u00e9e bio, eucaluptus, bio, poivre noir bio, aub\u00e9pine bio, fleurs de pois bleu bio, morceaux de p\u00eaches bio, ar\u00f4me de Yuzu Pr\u00e9paration 1 c. \u00e0 th\u00e9 pour 250 ml [&hellip;]<\/p>\n","protected":false},"featured_media":2132,"template":"","meta":{"_acf_changed":false},"product_brand":[],"product_cat":[124],"product_tag":[],"class_list":{"0":"post-2133","1":"product","2":"type-product","3":"status-publish","4":"has-post-thumbnail","6":"product_cat-tisane-en","8":"first","9":"outofstock","10":"purchasable","11":"product-type-simple"},"acf":[],"_links":{"self":[{"href":"https:\/\/sequoiasalix.com\/en\/wp-json\/wp\/v2\/product\/2133","targetHints":{"allow":["GET"]}}],"collection":[{"href":"https:\/\/sequoiasalix.com\/en\/wp-json\/wp\/v2\/product"}],"about":[{"href":"https:\/\/sequoiasalix.com\/en\/wp-json\/wp\/v2\/types\/product"}],"wp:featuredmedia":[{"embeddable":true,"href":"https:\/\/sequoiasalix.com\/en\/wp-json\/wp\/v2\/media\/2132"}],"wp:attachment":[{"href":"https:\/\/sequoiasalix.com\/en\/wp-json\/wp\/v2\/media?parent=2133"}],"wp:term":[{"taxonomy":"product_brand","embeddable":true,"href":"https:\/\/sequoiasalix.com\/en\/wp-json\/wp\/v2\/product_brand?post=2133"},{"taxonomy":"product_cat","embeddable":true,"href":"https:\/\/sequoiasalix.com\/en\/wp-json\/wp\/v2\/product_cat?post=2133"},{"taxonomy":"product_tag","embeddable":true,"href":"https:\/\/sequoiasalix.com\/en\/wp-json\/wp\/v2\/product_tag?post=2133"}],"curies":[{"name":"wp","href":"https:\/\/api.w.org\/{rel}","templated":true}]}}