{"id":2680,"date":"2026-01-09T13:25:04","date_gmt":"2026-01-09T17:25:04","guid":{"rendered":"https:\/\/sequoiasalix.com\/?post_type=product&#038;p=2680"},"modified":"2026-01-09T13:45:12","modified_gmt":"2026-01-09T17:45:12","slug":"apple-orange-ginger-rooibos-tea","status":"publish","type":"product","link":"https:\/\/sequoiasalix.com\/en\/product\/apple-orange-ginger-rooibos-tea\/","title":{"rendered":"APPLE ORANGE &#038; GINGER ROOIBOS TEA"},"content":{"rendered":"<p>Delicious antioxydant rooibos tea with flavorful notes of spices and citrus zest. \u00a050g<\/p>\n<p><strong>Ingr\u00e9dients:<\/strong><\/p>\n<p>Rooibos, apple pieces, orange and grapefruit pieces (flavouring), cinnamon, ginger, ginger, cardamom, coconut, lemongrass, pink peppercorns, cornflower, redcurrant<\/p>\n<p><strong>Pr\u00e9paration:<\/strong><\/p>\n<p>1 c. \u00e0 th\u00e9 pour 250 ml 95\u00b0C Temps d\u2019infusion 3-4 min.<\/p>\n","protected":false},"excerpt":{"rendered":"<p>Delicious antioxydant rooibos tea with flavorful notes of spices and citrus zest. \u00a050g Ingr\u00e9dients: Rooibos, apple pieces, orange and grapefruit pieces (flavouring), cinnamon, ginger, ginger, cardamom, coconut, lemongrass, pink peppercorns, cornflower, redcurrant Pr\u00e9paration: 1 c. \u00e0 th\u00e9 pour 250 ml 95\u00b0C Temps d\u2019infusion 3-4 min.<\/p>\n","protected":false},"featured_media":2679,"template":"","meta":{"_acf_changed":false},"product_brand":[],"product_cat":[116,118],"product_tag":[],"class_list":{"0":"post-2680","1":"product","2":"type-product","3":"status-publish","4":"has-post-thumbnail","6":"product_cat-tea-and-herbal-tea","7":"product_cat-rooibos-en","9":"first","10":"instock","11":"purchasable","12":"product-type-simple"},"acf":[],"_links":{"self":[{"href":"https:\/\/sequoiasalix.com\/en\/wp-json\/wp\/v2\/product\/2680","targetHints":{"allow":["GET"]}}],"collection":[{"href":"https:\/\/sequoiasalix.com\/en\/wp-json\/wp\/v2\/product"}],"about":[{"href":"https:\/\/sequoiasalix.com\/en\/wp-json\/wp\/v2\/types\/product"}],"wp:featuredmedia":[{"embeddable":true,"href":"https:\/\/sequoiasalix.com\/en\/wp-json\/wp\/v2\/media\/2679"}],"wp:attachment":[{"href":"https:\/\/sequoiasalix.com\/en\/wp-json\/wp\/v2\/media?parent=2680"}],"wp:term":[{"taxonomy":"product_brand","embeddable":true,"href":"https:\/\/sequoiasalix.com\/en\/wp-json\/wp\/v2\/product_brand?post=2680"},{"taxonomy":"product_cat","embeddable":true,"href":"https:\/\/sequoiasalix.com\/en\/wp-json\/wp\/v2\/product_cat?post=2680"},{"taxonomy":"product_tag","embeddable":true,"href":"https:\/\/sequoiasalix.com\/en\/wp-json\/wp\/v2\/product_tag?post=2680"}],"curies":[{"name":"wp","href":"https:\/\/api.w.org\/{rel}","templated":true}]}}